{"id":167,"date":"2023-08-01T10:15:59","date_gmt":"2023-08-01T08:15:59","guid":{"rendered":"https:\/\/www.spezialbau.it\/impressum\/"},"modified":"2024-12-18T18:57:14","modified_gmt":"2024-12-18T17:57:14","slug":"impressum","status":"publish","type":"page","link":"https:\/\/www.spezialbau.it\/it\/impressum\/","title":{"rendered":"Impressum"},"content":{"rendered":"\t\t<div data-elementor-type=\"wp-page\" data-elementor-id=\"167\" class=\"elementor elementor-167\">\n\t\t\t\t\t\t<section class=\"elementor-section elementor-top-section elementor-element elementor-element-34ff6c34 elementor-section-boxed elementor-section-height-default elementor-section-height-default\" data-id=\"34ff6c34\" data-element_type=\"section\" id=\"leistungen\" data-settings=\"{&quot;background_background&quot;:&quot;classic&quot;}\">\n\t\t\t\t\t\t<div class=\"elementor-container elementor-column-gap-default\">\n\t\t\t\t\t<div class=\"elementor-column elementor-col-50 elementor-top-column elementor-element elementor-element-aa0bf36\" data-id=\"aa0bf36\" data-element_type=\"column\">\n\t\t\t<div class=\"elementor-widget-wrap elementor-element-populated\">\n\t\t\t\t\t\t<div class=\"elementor-element elementor-element-2dce6915 animated-fast elementor-widget elementor-widget-raven-heading\" data-id=\"2dce6915\" data-element_type=\"widget\" data-settings=\"{&quot;_animation&quot;:&quot;none&quot;}\" data-widget_type=\"raven-heading.default\">\n\t\t\t\t<div class=\"elementor-widget-container\">\n\t\t\t\t\t\t\t<div class=\"raven-widget-wrapper\"><h3 class=\"raven-heading raven-heading-h3\"><span class=\"raven-heading-title \">Impressum:<\/span><\/h3><\/div>\r\n\t\t\t\t\t\t<\/div>\n\t\t\t\t<\/div>\n\t\t\t\t<div class=\"elementor-element elementor-element-d351ffc elementor-widget elementor-widget-text-editor\" data-id=\"d351ffc\" data-element_type=\"widget\" data-widget_type=\"text-editor.default\">\n\t\t\t\t<div class=\"elementor-widget-container\">\n\t\t\t\t\t\t\t\t\t<p><strong>Proprietario e responsabile per il contenuto:<br \/><\/strong>Spezialbau &#8211; Thomas Kargruber<br \/>Scheibe 3a, 39030 San Martino Val Casies<br \/>Tel.: +39 345 4559100<br \/><a href=\"mailto:info@spezialbau.it\">info@spezialbau.it<\/a><\/p><p>Part.IVA: 03206190211<br \/>Codice dest.: USAL8PV<\/p><p><strong>Materiale fotografico:<\/strong><br \/>Thomas Kargruber, menzimuck.com<\/p><p><strong>Avviso di responsabilit\u00e0:<\/strong><br \/>I marchi e le societ\u00e0 citate su questo sito sono di propriet\u00e0 del apposito titolare.<br \/>Nonostante l\u2019attento controllo dei contenuti, non assumiamo nessuna responsabilit\u00e0 per i contenuti relativi a link esterni. Sono responsabili per il contenuto delle pagine collegate esclusivamente i gestori delle pagine stesse.<\/p>\t\t\t\t\t\t\t\t<\/div>\n\t\t\t\t<\/div>\n\t\t\t\t\t<\/div>\n\t\t<\/div>\n\t\t\t\t<div class=\"elementor-column elementor-col-50 elementor-top-column elementor-element elementor-element-ee7cbe2\" data-id=\"ee7cbe2\" data-element_type=\"column\">\n\t\t\t<div class=\"elementor-widget-wrap elementor-element-populated\">\n\t\t\t\t\t\t<div class=\"elementor-element elementor-element-e3bb107 elementor-widget elementor-widget-text-editor\" data-id=\"e3bb107\" data-element_type=\"widget\" data-widget_type=\"text-editor.default\">\n\t\t\t\t<div class=\"elementor-widget-container\">\n\t\t\t\t\t\t\t\t\t<p><strong>Realizzazione, Concetto &amp; Design:<br \/><\/strong>Fuchsdesign<br \/>Via Dolomiti 25a, 39034 Dobbiaco<br \/>Alto Adige \u2013 Italia<br \/>Tel +39 0474 979 048<br \/><a href=\"mailto:info@fuchsdesign.it\">info@fuchsdesign.it<\/a><br \/><a class=\"external-link-new-window\" title=\"Opens external link in new window\" href=\"http:\/\/www.fuchsdesign.it\/\" target=\"_blank\" rel=\"noopener noreferrer\">www.fuchsdesign.it<\/a><\/p><p><strong>Informazione obbligatoria ai sensi del Regolamento UE n. 524\/2016 del Parlamento europeo e del Consiglio<\/strong><br \/><a href=\"https:\/\/ec.europa.eu\/consumers\/odr\/\" target=\"_blank\" rel=\"noopener\">Piattaforma per la risoluzione delle controversie online<\/a> dei consumatori (ODR) della Commissione europea.<\/p>\t\t\t\t\t\t\t\t<\/div>\n\t\t\t\t<\/div>\n\t\t\t\t\t<\/div>\n\t\t<\/div>\n\t\t\t\t\t<\/div>\n\t\t<\/section>\n\t\t\t\t<\/div>\n\t\t","protected":false},"excerpt":{"rendered":"<p>Impressum: Proprietario e responsabile per il contenuto:Spezialbau &#8211; Thomas KargruberScheibe 3a, 39030 San Martino Val CasiesTel.: +39 345 4559100info@spezialbau.it Part.IVA: 03206190211Codice dest.: USAL8PV Materiale fotografico:Thomas Kargruber, menzimuck.com Avviso di responsabilit\u00e0:I marchi e le societ\u00e0 citate su questo sito sono di propriet\u00e0 del apposito titolare.Nonostante l\u2019attento controllo dei contenuti, non assumiamo nessuna responsabilit\u00e0 per i contenuti [&hellip;]<\/p>\n","protected":false},"author":1,"featured_media":0,"parent":0,"menu_order":0,"comment_status":"closed","ping_status":"closed","template":"full-width.php","meta":{"_acf_changed":false,"footnotes":""},"class_list":["post-167","page","type-page","status-publish","hentry"],"acf":[],"yoast_head":"<!-- This site is optimized with the Yoast SEO plugin v27.5 - https:\/\/yoast.com\/product\/yoast-seo-wordpress\/ -->\n<title>Impressum - Spezialbau<\/title>\n<meta name=\"robots\" content=\"index, follow, max-snippet:-1, max-image-preview:large, max-video-preview:-1\" \/>\n<link rel=\"canonical\" href=\"https:\/\/www.spezialbau.it\/impressum\/\" \/>\n<meta property=\"og:locale\" content=\"it_IT\" \/>\n<meta property=\"og:type\" content=\"article\" \/>\n<meta property=\"og:title\" content=\"Impressum - Spezialbau\" \/>\n<meta property=\"og:description\" content=\"Impressum: Proprietario e responsabile per il contenuto:Spezialbau &#8211; Thomas KargruberScheibe 3a, 39030 San Martino Val CasiesTel.: +39 345 4559100info@spezialbau.it Part.IVA: 03206190211Codice dest.: USAL8PV Materiale fotografico:Thomas Kargruber, menzimuck.com Avviso di responsabilit\u00e0:I marchi e le societ\u00e0 citate su questo sito sono di propriet\u00e0 del apposito titolare.Nonostante l\u2019attento controllo dei contenuti, non assumiamo nessuna responsabilit\u00e0 per i contenuti [&hellip;]\" \/>\n<meta property=\"og:url\" content=\"https:\/\/www.spezialbau.it\/impressum\/\" \/>\n<meta property=\"og:site_name\" content=\"Spezialbau\" \/>\n<meta property=\"article:publisher\" content=\"https:\/\/www.facebook.com\/spezialbau.it\" \/>\n<meta property=\"article:modified_time\" content=\"2024-12-18T17:57:14+00:00\" \/>\n<meta name=\"twitter:card\" content=\"summary_large_image\" \/>\n<meta name=\"twitter:label1\" content=\"Tempo di lettura stimato\" \/>\n\t<meta name=\"twitter:data1\" content=\"1 minuto\" \/>\n<script type=\"application\/ld+json\" class=\"yoast-schema-graph\">{\"@context\":\"https:\\\/\\\/schema.org\",\"@graph\":[{\"@type\":\"WebPage\",\"@id\":\"https:\\\/\\\/www.spezialbau.it\\\/impressum\\\/\",\"url\":\"https:\\\/\\\/www.spezialbau.it\\\/impressum\\\/\",\"name\":\"Impressum - Spezialbau\",\"isPartOf\":{\"@id\":\"https:\\\/\\\/www.spezialbau.it\\\/it\\\/#website\"},\"datePublished\":\"2023-08-01T08:15:59+00:00\",\"dateModified\":\"2024-12-18T17:57:14+00:00\",\"breadcrumb\":{\"@id\":\"https:\\\/\\\/www.spezialbau.it\\\/impressum\\\/#breadcrumb\"},\"inLanguage\":\"it-IT\",\"potentialAction\":[{\"@type\":\"ReadAction\",\"target\":[\"https:\\\/\\\/www.spezialbau.it\\\/impressum\\\/\"]}]},{\"@type\":\"BreadcrumbList\",\"@id\":\"https:\\\/\\\/www.spezialbau.it\\\/impressum\\\/#breadcrumb\",\"itemListElement\":[{\"@type\":\"ListItem\",\"position\":1,\"name\":\"Startseite\",\"item\":\"https:\\\/\\\/www.spezialbau.it\\\/it\\\/\"},{\"@type\":\"ListItem\",\"position\":2,\"name\":\"Impressum\"}]},{\"@type\":\"WebSite\",\"@id\":\"https:\\\/\\\/www.spezialbau.it\\\/it\\\/#website\",\"url\":\"https:\\\/\\\/www.spezialbau.it\\\/it\\\/\",\"name\":\"Spezialbau\",\"description\":\"Spezial-Baggerarbeiten Spinnenbagger Mulcharbeiten S\u00fcdtirol\",\"publisher\":{\"@id\":\"https:\\\/\\\/www.spezialbau.it\\\/it\\\/#organization\"},\"potentialAction\":[{\"@type\":\"SearchAction\",\"target\":{\"@type\":\"EntryPoint\",\"urlTemplate\":\"https:\\\/\\\/www.spezialbau.it\\\/it\\\/?s={search_term_string}\"},\"query-input\":{\"@type\":\"PropertyValueSpecification\",\"valueRequired\":true,\"valueName\":\"search_term_string\"}}],\"inLanguage\":\"it-IT\"},{\"@type\":\"Organization\",\"@id\":\"https:\\\/\\\/www.spezialbau.it\\\/it\\\/#organization\",\"name\":\"Spezialbau - Spezial-Baggerarbeiten\",\"url\":\"https:\\\/\\\/www.spezialbau.it\\\/it\\\/\",\"logo\":{\"@type\":\"ImageObject\",\"inLanguage\":\"it-IT\",\"@id\":\"https:\\\/\\\/www.spezialbau.it\\\/it\\\/#\\\/schema\\\/logo\\\/image\\\/\",\"url\":\"https:\\\/\\\/www.spezialbau.it\\\/wp-content\\\/uploads\\\/logo-spezialbau.svg\",\"contentUrl\":\"https:\\\/\\\/www.spezialbau.it\\\/wp-content\\\/uploads\\\/logo-spezialbau.svg\",\"width\":1,\"height\":1,\"caption\":\"Spezialbau - Spezial-Baggerarbeiten\"},\"image\":{\"@id\":\"https:\\\/\\\/www.spezialbau.it\\\/it\\\/#\\\/schema\\\/logo\\\/image\\\/\"},\"sameAs\":[\"https:\\\/\\\/www.facebook.com\\\/spezialbau.it\",\"https:\\\/\\\/www.instagram.com\\\/spezialbau_schreitbagger\\\/\"]}]}<\/script>\n<!-- \/ Yoast SEO plugin. -->","yoast_head_json":{"title":"Impressum - Spezialbau","robots":{"index":"index","follow":"follow","max-snippet":"max-snippet:-1","max-image-preview":"max-image-preview:large","max-video-preview":"max-video-preview:-1"},"canonical":"https:\/\/www.spezialbau.it\/impressum\/","og_locale":"it_IT","og_type":"article","og_title":"Impressum - Spezialbau","og_description":"Impressum: Proprietario e responsabile per il contenuto:Spezialbau &#8211; Thomas KargruberScheibe 3a, 39030 San Martino Val CasiesTel.: +39 345 4559100info@spezialbau.it Part.IVA: 03206190211Codice dest.: USAL8PV Materiale fotografico:Thomas Kargruber, menzimuck.com Avviso di responsabilit\u00e0:I marchi e le societ\u00e0 citate su questo sito sono di propriet\u00e0 del apposito titolare.Nonostante l\u2019attento controllo dei contenuti, non assumiamo nessuna responsabilit\u00e0 per i contenuti [&hellip;]","og_url":"https:\/\/www.spezialbau.it\/impressum\/","og_site_name":"Spezialbau","article_publisher":"https:\/\/www.facebook.com\/spezialbau.it","article_modified_time":"2024-12-18T17:57:14+00:00","twitter_card":"summary_large_image","twitter_misc":{"Tempo di lettura stimato":"1 minuto"},"schema":{"@context":"https:\/\/schema.org","@graph":[{"@type":"WebPage","@id":"https:\/\/www.spezialbau.it\/impressum\/","url":"https:\/\/www.spezialbau.it\/impressum\/","name":"Impressum - Spezialbau","isPartOf":{"@id":"https:\/\/www.spezialbau.it\/it\/#website"},"datePublished":"2023-08-01T08:15:59+00:00","dateModified":"2024-12-18T17:57:14+00:00","breadcrumb":{"@id":"https:\/\/www.spezialbau.it\/impressum\/#breadcrumb"},"inLanguage":"it-IT","potentialAction":[{"@type":"ReadAction","target":["https:\/\/www.spezialbau.it\/impressum\/"]}]},{"@type":"BreadcrumbList","@id":"https:\/\/www.spezialbau.it\/impressum\/#breadcrumb","itemListElement":[{"@type":"ListItem","position":1,"name":"Startseite","item":"https:\/\/www.spezialbau.it\/it\/"},{"@type":"ListItem","position":2,"name":"Impressum"}]},{"@type":"WebSite","@id":"https:\/\/www.spezialbau.it\/it\/#website","url":"https:\/\/www.spezialbau.it\/it\/","name":"Spezialbau","description":"Spezial-Baggerarbeiten Spinnenbagger Mulcharbeiten S\u00fcdtirol","publisher":{"@id":"https:\/\/www.spezialbau.it\/it\/#organization"},"potentialAction":[{"@type":"SearchAction","target":{"@type":"EntryPoint","urlTemplate":"https:\/\/www.spezialbau.it\/it\/?s={search_term_string}"},"query-input":{"@type":"PropertyValueSpecification","valueRequired":true,"valueName":"search_term_string"}}],"inLanguage":"it-IT"},{"@type":"Organization","@id":"https:\/\/www.spezialbau.it\/it\/#organization","name":"Spezialbau - Spezial-Baggerarbeiten","url":"https:\/\/www.spezialbau.it\/it\/","logo":{"@type":"ImageObject","inLanguage":"it-IT","@id":"https:\/\/www.spezialbau.it\/it\/#\/schema\/logo\/image\/","url":"https:\/\/www.spezialbau.it\/wp-content\/uploads\/logo-spezialbau.svg","contentUrl":"https:\/\/www.spezialbau.it\/wp-content\/uploads\/logo-spezialbau.svg","width":1,"height":1,"caption":"Spezialbau - Spezial-Baggerarbeiten"},"image":{"@id":"https:\/\/www.spezialbau.it\/it\/#\/schema\/logo\/image\/"},"sameAs":["https:\/\/www.facebook.com\/spezialbau.it","https:\/\/www.instagram.com\/spezialbau_schreitbagger\/"]}]}},"_links":{"self":[{"href":"https:\/\/www.spezialbau.it\/it\/wp-json\/wp\/v2\/pages\/167","targetHints":{"allow":["GET"]}}],"collection":[{"href":"https:\/\/www.spezialbau.it\/it\/wp-json\/wp\/v2\/pages"}],"about":[{"href":"https:\/\/www.spezialbau.it\/it\/wp-json\/wp\/v2\/types\/page"}],"author":[{"embeddable":true,"href":"https:\/\/www.spezialbau.it\/it\/wp-json\/wp\/v2\/users\/1"}],"replies":[{"embeddable":true,"href":"https:\/\/www.spezialbau.it\/it\/wp-json\/wp\/v2\/comments?post=167"}],"version-history":[{"count":1,"href":"https:\/\/www.spezialbau.it\/it\/wp-json\/wp\/v2\/pages\/167\/revisions"}],"predecessor-version":[{"id":844,"href":"https:\/\/www.spezialbau.it\/it\/wp-json\/wp\/v2\/pages\/167\/revisions\/844"}],"wp:attachment":[{"href":"https:\/\/www.spezialbau.it\/it\/wp-json\/wp\/v2\/media?parent=167"}],"curies":[{"name":"wp","href":"https:\/\/api.w.org\/{rel}","templated":true}]}}